{"id":3147,"date":"2023-04-26T11:49:31","date_gmt":"2023-04-26T09:49:31","guid":{"rendered":"https:\/\/lamothebergeron.fr\/?page_id=3147"},"modified":"2025-10-05T16:45:59","modified_gmt":"2025-10-05T14:45:59","slug":"legal-notice","status":"publish","type":"page","link":"https:\/\/lamothebergeron.fr\/en\/legal-notice\/","title":{"rendered":"Legal Notice"},"content":{"rendered":"\t\t<div data-elementor-type=\"wp-page\" data-elementor-id=\"3147\" class=\"elementor elementor-3147 elementor-190\" data-elementor-post-type=\"page\">\n\t\t\t\t\t\t<section class=\"elementor-section elementor-top-section elementor-element elementor-element-c4cd995 elementor-section-boxed elementor-section-height-default elementor-section-height-default\" data-id=\"c4cd995\" data-element_type=\"section\" data-e-type=\"section\">\n\t\t\t\t\t\t<div class=\"elementor-container elementor-column-gap-custom\">\n\t\t\t\t\t<div class=\"elementor-column elementor-col-100 elementor-top-column elementor-element elementor-element-ec75f41\" data-id=\"ec75f41\" data-element_type=\"column\" data-e-type=\"column\">\n\t\t\t<div class=\"elementor-widget-wrap elementor-element-populated\">\n\t\t\t\t\t\t<div class=\"elementor-element elementor-element-01f04a4 elementor-widget elementor-widget-woocommerce-breadcrumb\" data-id=\"01f04a4\" data-element_type=\"widget\" data-e-type=\"widget\" data-widget_type=\"woocommerce-breadcrumb.default\">\n\t\t\t\t\t<nav class=\"woocommerce-breadcrumb\" aria-label=\"Breadcrumb\">Home<\/nav>\t\t\t\t<\/div>\n\t\t\t\t<div class=\"elementor-element elementor-element-5623a5d elementor-widget elementor-widget-heading\" data-id=\"5623a5d\" data-element_type=\"widget\" data-e-type=\"widget\" data-widget_type=\"heading.default\">\n\t\t\t\t\t<h1 class=\"elementor-heading-title elementor-size-default\">Legal Notice<\/h1>\t\t\t\t<\/div>\n\t\t\t\t<div class=\"elementor-element elementor-element-ff02cc1 elementor-widget elementor-widget-heading\" data-id=\"ff02cc1\" data-element_type=\"widget\" data-e-type=\"widget\" data-widget_type=\"heading.default\">\n\t\t\t\t\t<h2 class=\"elementor-heading-title elementor-size-default\">Legal Notice<\/h2>\t\t\t\t<\/div>\n\t\t\t\t<div class=\"elementor-element elementor-element-6a02dc6 elementor-widget elementor-widget-text-editor\" data-id=\"6a02dc6\" data-element_type=\"widget\" data-e-type=\"widget\" data-widget_type=\"text-editor.default\">\n\t\t\t\t\t\t\t\t\t<h3><b>Website Publisher<\/b><\/h3>\n<p><span style=\"font-weight: 400;\">Company Name: SAS CH\u00c2TEAU LAMOTHE-BERGERON<\/span><span style=\"font-weight: 400;\"><br \/><\/span><span style=\"font-weight: 400;\">Legal Form: Simplified Joint Stock Company (SAS)<\/span><span style=\"font-weight: 400;\"><br \/><\/span><span style=\"font-weight: 400;\">Address: 49 chemin des Graves, 33460 Cussac-Fort-M\u00e9doc, France<\/span><span style=\"font-weight: 400;\"><br \/><\/span><span style=\"font-weight: 400;\">SIRET: 51106998100039<\/span><span style=\"font-weight: 400;\"><br \/><\/span><span style=\"font-weight: 400;\">VAT: FR19511069981<\/span><span style=\"font-weight: 400;\"><br \/><\/span><span style=\"font-weight: 400;\">Phone: +33 (0)5 56 58 94 77<\/span><span style=\"font-weight: 400;\"><br \/><\/span><span style=\"font-weight: 400;\">Email: contact@lamothebergeron.fr<\/span><span style=\"font-weight: 400;\"><br \/><\/span><span style=\"font-weight: 400;\">Publication Director: Jean-Pierre Mottura, Legal Representative.<\/span><\/p>\n<p>\u00a0<\/p>\n<h3><b>Hosting Provider<\/b><\/h3>\n<p><span style=\"font-weight: 400;\">OVH<\/span><span style=\"font-weight: 400;\"><br \/><\/span><span style=\"font-weight: 400;\">SAS with share capital of \u20ac500,000<\/span><span style=\"font-weight: 400;\"><br \/><\/span><span style=\"font-weight: 400;\">2 rue Kellermann \u2013 59100 Roubaix \u2013 France<\/span><span style=\"font-weight: 400;\"><br \/><\/span><span style=\"font-weight: 400;\">RCS Roubaix \u2013 Tourcoing 424 761 419<\/span><span style=\"font-weight: 400;\"><br \/><\/span><span style=\"font-weight: 400;\">APE Code: 6202A<\/span><span style=\"font-weight: 400;\"><br \/><\/span><span style=\"font-weight: 400;\">VAT No.: FR 22 424 761 419<\/span><\/p>\n<p>\u00a0<\/p>\n<h3><b>Intellectual Property<\/b><\/h3>\n<p><span style=\"font-weight: 400;\">All content on this website (texts, images, graphics, logos, icons, videos, sounds, software, etc.) is protected by copyright and remains the exclusive property of CH\u00c2TEAU LAMOTHE-BERGERON or their respective authors.<\/span><span style=\"font-weight: 400;\"><br \/><\/span><span style=\"font-weight: 400;\"><br \/><\/span><span style=\"font-weight: 400;\">Any reproduction, representation, modification, publication, or adaptation, in whole or in part, of these elements, regardless of the means or process used, is prohibited without prior written authorization.<\/span><span style=\"font-weight: 400;\"><br \/><\/span><span style=\"font-weight: 400;\"><br \/><\/span><span style=\"font-weight: 400;\">The Ch\u00e2teau Lamothe-Bergeron trademarks and logos are registered and protected. Any unauthorized use may result in legal action.<\/span><\/p>\n<p>\u00a0<\/p>\n<h3><b>Photo and Illustration Credits<\/b><\/h3>\n<p><span style=\"font-weight: 400;\">Visuals used on this website come from various sources:<\/span><span style=\"font-weight: 400;\"><br \/><\/span><span style=\"font-weight: 400;\"><br \/><\/span><span style=\"font-weight: 400;\">&#8211; Photographs: Andy Julia, Claude Clin, Les P\u00e9tillantes Productions, Fran\u00e7ois Poincet, Anne Melchior, Camille Caronne.<\/span><span style=\"font-weight: 400;\"><br \/><\/span><span style=\"font-weight: 400;\">&#8211; Illustrations: Patrick Mazy \/ Les choses bien, Briddie O\u2019Byrne.<\/span><span style=\"font-weight: 400;\"><br \/><\/span><span style=\"font-weight: 400;\">&#8211; Royalty-free illustrations from image banks (Unsplash, Pixabay, Pexels).<\/span><span style=\"font-weight: 400;\"><br \/><\/span><span style=\"font-weight: 400;\"><br \/><\/span><span style=\"font-weight: 400;\">Any use or reproduction of these images is subject to prior authorization from their authors or rights holders.<\/span><\/p>\n<p>\u00a0<\/p>\n<h3><b>Personal Data<\/b><\/h3>\n<p><span style=\"font-weight: 400;\">In accordance with the General Data Protection Regulation (GDPR) and the French Data Protection Act of January 6, 1978 (amended), you have the right to access, rectify, delete, and object to the processing of your personal data.<\/span><span style=\"font-weight: 400;\"><br \/><\/span><span style=\"font-weight: 400;\"><br \/><\/span><span style=\"font-weight: 400;\">You may exercise these rights by contacting: contact@lamothebergeron.fr.<\/span><span style=\"font-weight: 400;\"><br \/><\/span><span style=\"font-weight: 400;\">In case of difficulty, you also have the right to file a complaint with the CNIL (www.cnil.fr).<\/span><span style=\"font-weight: 400;\"><br \/><\/span><span style=\"font-weight: 400;\"><br \/><\/span><span style=\"font-weight: 400;\">The information collected via forms on this website is used exclusively for the relationship with CH\u00c2TEAU LAMOTHE-BERGERON and is never shared with third parties without consent.<\/span><span style=\"font-weight: 400;\"><br \/><\/span><span style=\"font-weight: 400;\">Data is retained for a maximum of 3 years from the last contact.<\/span><\/p>\n<h2>\u00a0<\/h2>\n<h3><b>Cookies<\/b><\/h3>\n<p><span style=\"font-weight: 400;\">This website may use cookies to enhance the user experience (audience measurement, social media sharing features, content personalization, etc.).<\/span><span style=\"font-weight: 400;\"><br \/><\/span><span style=\"font-weight: 400;\"><br \/><\/span><span style=\"font-weight: 400;\">You may accept or refuse cookies at any time via the information banner or by setting your preferences in your browser.<\/span><span style=\"font-weight: 400;\"><br \/><\/span><span style=\"font-weight: 400;\">For more details, please refer to our Cookie Policy.<\/span><\/p>\n<h3>\u00a0<\/h3>\n<h3><b>Liability<\/b><\/h3>\n<p><span style=\"font-weight: 400;\">CH\u00c2TEAU LAMOTHE-BERGERON strives to ensure the accuracy and timely updating of the information provided on this website. However, the company cannot be held liable for any errors, omissions, or possible unavailability of the service.<\/span><\/p>\n<p>\u00a0<\/p>\n<h3><b>Hyperlinks<\/b><\/h3>\n<p><span style=\"font-weight: 400;\">This website may contain links to other websites. CH\u00c2TEAU LAMOTHE-BERGERON has no control over the content of such sites and declines any responsibility regarding their content or use.<\/span><\/p>\n<p>\u00a0<\/p>\n<p>\u00a0<\/p>\n<p>\u00a0<\/p>\t\t\t\t\t\t\t\t<\/div>\n\t\t\t\t\t<\/div>\n\t\t<\/div>\n\t\t\t\t\t<\/div>\n\t\t<\/section>\n\t\t\t\t<\/div>\n\t\t","protected":false},"excerpt":{"rendered":"<p>Legal Notice Website Publisher Company Name: SAS CH\u00c2TEAU LAMOTHE-BERGERONLegal Form: Simplified Joint Stock Company (SAS)Address: 49 chemin des Graves, 33460 Cussac-Fort-M\u00e9doc, FranceSIRET: 51106998100039VAT: FR19511069981Phone: +33 (0)5 56 58 94 77Email: contact@lamothebergeron.frPublication Director: Jean-Pierre Mottura, Legal Representative. \u00a0 Hosting Provider OVHSAS with share capital of \u20ac500,0002 rue Kellermann \u2013 59100 Roubaix \u2013 FranceRCS Roubaix \u2013 Tourcoing [&hellip;]<\/p>\n","protected":false},"author":1,"featured_media":0,"parent":0,"menu_order":10,"comment_status":"closed","ping_status":"closed","template":"","meta":{"_acf_changed":false,"inline_featured_image":false,"footnotes":""},"class_list":["post-3147","page","type-page","status-publish","hentry"],"acf":[],"yoast_head":"<!-- This site is optimized with the Yoast SEO plugin v27.3 - https:\/\/yoast.com\/product\/yoast-seo-wordpress\/ -->\n<title>Legal Notice - Ch\u00e2teau Lamothe Bergeron<\/title>\n<meta name=\"robots\" content=\"index, follow, max-snippet:-1, max-image-preview:large, max-video-preview:-1\" \/>\n<link rel=\"canonical\" href=\"https:\/\/lamothebergeron.fr\/en\/legal-notice\/\" \/>\n<meta property=\"og:locale\" content=\"en_US\" \/>\n<meta property=\"og:type\" content=\"article\" \/>\n<meta property=\"og:title\" content=\"Legal Notice - Ch\u00e2teau Lamothe Bergeron\" \/>\n<meta property=\"og:description\" content=\"Legal Notice Website Publisher Company Name: SAS CH\u00c2TEAU LAMOTHE-BERGERONLegal Form: Simplified Joint Stock Company (SAS)Address: 49 chemin des Graves, 33460 Cussac-Fort-M\u00e9doc, FranceSIRET: 51106998100039VAT: FR19511069981Phone: +33 (0)5 56 58 94 77Email: contact@lamothebergeron.frPublication Director: Jean-Pierre Mottura, Legal Representative. \u00a0 Hosting Provider OVHSAS with share capital of \u20ac500,0002 rue Kellermann \u2013 59100 Roubaix \u2013 FranceRCS Roubaix \u2013 Tourcoing [&hellip;]\" \/>\n<meta property=\"og:url\" content=\"https:\/\/lamothebergeron.fr\/en\/legal-notice\/\" \/>\n<meta property=\"og:site_name\" content=\"Ch\u00e2teau Lamothe Bergeron\" \/>\n<meta property=\"article:publisher\" content=\"https:\/\/fr-fr.facebook.com\/chateau.lamothebergeron\" \/>\n<meta property=\"article:modified_time\" content=\"2025-10-05T14:45:59+00:00\" \/>\n<meta property=\"og:image\" content=\"https:\/\/lamothebergeron.fr\/wp-content\/uploads\/lamothe-recherche.jpg\" \/>\n\t<meta property=\"og:image:width\" content=\"1200\" \/>\n\t<meta property=\"og:image:height\" content=\"675\" \/>\n\t<meta property=\"og:image:type\" content=\"image\/jpeg\" \/>\n<meta name=\"twitter:card\" content=\"summary_large_image\" \/>\n<meta name=\"twitter:label1\" content=\"Est. reading time\" \/>\n\t<meta name=\"twitter:data1\" content=\"2 minutes\" \/>\n<script type=\"application\/ld+json\" class=\"yoast-schema-graph\">{\"@context\":\"https:\\\/\\\/schema.org\",\"@graph\":[{\"@type\":\"WebPage\",\"@id\":\"https:\\\/\\\/lamothebergeron.fr\\\/en\\\/legal-notice\\\/\",\"url\":\"https:\\\/\\\/lamothebergeron.fr\\\/en\\\/legal-notice\\\/\",\"name\":\"Legal Notice - Ch\u00e2teau Lamothe Bergeron\",\"isPartOf\":{\"@id\":\"https:\\\/\\\/lamothebergeron.fr\\\/en\\\/#website\"},\"datePublished\":\"2023-04-26T09:49:31+00:00\",\"dateModified\":\"2025-10-05T14:45:59+00:00\",\"breadcrumb\":{\"@id\":\"https:\\\/\\\/lamothebergeron.fr\\\/en\\\/legal-notice\\\/#breadcrumb\"},\"inLanguage\":\"en-US\",\"potentialAction\":[{\"@type\":\"ReadAction\",\"target\":[\"https:\\\/\\\/lamothebergeron.fr\\\/en\\\/legal-notice\\\/\"]}]},{\"@type\":\"BreadcrumbList\",\"@id\":\"https:\\\/\\\/lamothebergeron.fr\\\/en\\\/legal-notice\\\/#breadcrumb\",\"itemListElement\":[{\"@type\":\"ListItem\",\"position\":1,\"name\":\"Accueil\",\"item\":\"https:\\\/\\\/lamothebergeron.fr\\\/en\\\/\"},{\"@type\":\"ListItem\",\"position\":2,\"name\":\"Legal Notice\"}]},{\"@type\":\"WebSite\",\"@id\":\"https:\\\/\\\/lamothebergeron.fr\\\/en\\\/#website\",\"url\":\"https:\\\/\\\/lamothebergeron.fr\\\/en\\\/\",\"name\":\"Ch\u00e2teau Lamothe Bergeron\",\"description\":\"Cru Bourgeois sup\u00e9rieur\",\"publisher\":{\"@id\":\"https:\\\/\\\/lamothebergeron.fr\\\/en\\\/#organization\"},\"alternateName\":\"Ch\u00e2teau Lamothe Bergeron\",\"potentialAction\":[{\"@type\":\"SearchAction\",\"target\":{\"@type\":\"EntryPoint\",\"urlTemplate\":\"https:\\\/\\\/lamothebergeron.fr\\\/en\\\/?s={search_term_string}\"},\"query-input\":{\"@type\":\"PropertyValueSpecification\",\"valueRequired\":true,\"valueName\":\"search_term_string\"}}],\"inLanguage\":\"en-US\"},{\"@type\":\"Organization\",\"@id\":\"https:\\\/\\\/lamothebergeron.fr\\\/en\\\/#organization\",\"name\":\"Ch\u00e2teau Lamothe Bergeron\",\"alternateName\":\"Ch\u00e2teau Lamothe Bergeron\",\"url\":\"https:\\\/\\\/lamothebergeron.fr\\\/en\\\/\",\"logo\":{\"@type\":\"ImageObject\",\"inLanguage\":\"en-US\",\"@id\":\"https:\\\/\\\/lamothebergeron.fr\\\/en\\\/#\\\/schema\\\/logo\\\/image\\\/\",\"url\":\"https:\\\/\\\/lamothebergeron.fr\\\/wp-content\\\/uploads\\\/ico_lb_rose.svg\",\"contentUrl\":\"https:\\\/\\\/lamothebergeron.fr\\\/wp-content\\\/uploads\\\/ico_lb_rose.svg\",\"width\":82,\"height\":82,\"caption\":\"Ch\u00e2teau Lamothe Bergeron\"},\"image\":{\"@id\":\"https:\\\/\\\/lamothebergeron.fr\\\/en\\\/#\\\/schema\\\/logo\\\/image\\\/\"},\"sameAs\":[\"https:\\\/\\\/fr-fr.facebook.com\\\/chateau.lamothebergeron\",\"https:\\\/\\\/www.youtube.com\\\/channel\\\/UC0dnZJl4ndasYOqoddnVrYg\",\"https:\\\/\\\/www.linkedin.com\\\/company\\\/ch\u00e2teau-lamothe-bergeron\\\/\",\"https:\\\/\\\/www.instagram.com\\\/lamothebergeron\\\/\",\"http:\\\/\\\/www.tripadvisor.fr\\\/Attraction_Review-g1938995-d8296899-Reviews-Chateau_Lamothe_Bergeron-Cussac_Fort_Medoc_Gironde_Aquitaine.html\"]}]}<\/script>\n<!-- \/ Yoast SEO plugin. -->","yoast_head_json":{"title":"Legal Notice - Ch\u00e2teau Lamothe Bergeron","robots":{"index":"index","follow":"follow","max-snippet":"max-snippet:-1","max-image-preview":"max-image-preview:large","max-video-preview":"max-video-preview:-1"},"canonical":"https:\/\/lamothebergeron.fr\/en\/legal-notice\/","og_locale":"en_US","og_type":"article","og_title":"Legal Notice - Ch\u00e2teau Lamothe Bergeron","og_description":"Legal Notice Website Publisher Company Name: SAS CH\u00c2TEAU LAMOTHE-BERGERONLegal Form: Simplified Joint Stock Company (SAS)Address: 49 chemin des Graves, 33460 Cussac-Fort-M\u00e9doc, FranceSIRET: 51106998100039VAT: FR19511069981Phone: +33 (0)5 56 58 94 77Email: contact@lamothebergeron.frPublication Director: Jean-Pierre Mottura, Legal Representative. \u00a0 Hosting Provider OVHSAS with share capital of \u20ac500,0002 rue Kellermann \u2013 59100 Roubaix \u2013 FranceRCS Roubaix \u2013 Tourcoing [&hellip;]","og_url":"https:\/\/lamothebergeron.fr\/en\/legal-notice\/","og_site_name":"Ch\u00e2teau Lamothe Bergeron","article_publisher":"https:\/\/fr-fr.facebook.com\/chateau.lamothebergeron","article_modified_time":"2025-10-05T14:45:59+00:00","og_image":[{"width":1200,"height":675,"url":"https:\/\/lamothebergeron.fr\/wp-content\/uploads\/lamothe-recherche.jpg","type":"image\/jpeg"}],"twitter_card":"summary_large_image","twitter_misc":{"Est. reading time":"2 minutes"},"schema":{"@context":"https:\/\/schema.org","@graph":[{"@type":"WebPage","@id":"https:\/\/lamothebergeron.fr\/en\/legal-notice\/","url":"https:\/\/lamothebergeron.fr\/en\/legal-notice\/","name":"Legal Notice - Ch\u00e2teau Lamothe Bergeron","isPartOf":{"@id":"https:\/\/lamothebergeron.fr\/en\/#website"},"datePublished":"2023-04-26T09:49:31+00:00","dateModified":"2025-10-05T14:45:59+00:00","breadcrumb":{"@id":"https:\/\/lamothebergeron.fr\/en\/legal-notice\/#breadcrumb"},"inLanguage":"en-US","potentialAction":[{"@type":"ReadAction","target":["https:\/\/lamothebergeron.fr\/en\/legal-notice\/"]}]},{"@type":"BreadcrumbList","@id":"https:\/\/lamothebergeron.fr\/en\/legal-notice\/#breadcrumb","itemListElement":[{"@type":"ListItem","position":1,"name":"Accueil","item":"https:\/\/lamothebergeron.fr\/en\/"},{"@type":"ListItem","position":2,"name":"Legal Notice"}]},{"@type":"WebSite","@id":"https:\/\/lamothebergeron.fr\/en\/#website","url":"https:\/\/lamothebergeron.fr\/en\/","name":"Ch\u00e2teau Lamothe Bergeron","description":"Cru Bourgeois sup\u00e9rieur","publisher":{"@id":"https:\/\/lamothebergeron.fr\/en\/#organization"},"alternateName":"Ch\u00e2teau Lamothe Bergeron","potentialAction":[{"@type":"SearchAction","target":{"@type":"EntryPoint","urlTemplate":"https:\/\/lamothebergeron.fr\/en\/?s={search_term_string}"},"query-input":{"@type":"PropertyValueSpecification","valueRequired":true,"valueName":"search_term_string"}}],"inLanguage":"en-US"},{"@type":"Organization","@id":"https:\/\/lamothebergeron.fr\/en\/#organization","name":"Ch\u00e2teau Lamothe Bergeron","alternateName":"Ch\u00e2teau Lamothe Bergeron","url":"https:\/\/lamothebergeron.fr\/en\/","logo":{"@type":"ImageObject","inLanguage":"en-US","@id":"https:\/\/lamothebergeron.fr\/en\/#\/schema\/logo\/image\/","url":"https:\/\/lamothebergeron.fr\/wp-content\/uploads\/ico_lb_rose.svg","contentUrl":"https:\/\/lamothebergeron.fr\/wp-content\/uploads\/ico_lb_rose.svg","width":82,"height":82,"caption":"Ch\u00e2teau Lamothe Bergeron"},"image":{"@id":"https:\/\/lamothebergeron.fr\/en\/#\/schema\/logo\/image\/"},"sameAs":["https:\/\/fr-fr.facebook.com\/chateau.lamothebergeron","https:\/\/www.youtube.com\/channel\/UC0dnZJl4ndasYOqoddnVrYg","https:\/\/www.linkedin.com\/company\/ch\u00e2teau-lamothe-bergeron\/","https:\/\/www.instagram.com\/lamothebergeron\/","http:\/\/www.tripadvisor.fr\/Attraction_Review-g1938995-d8296899-Reviews-Chateau_Lamothe_Bergeron-Cussac_Fort_Medoc_Gironde_Aquitaine.html"]}]}},"_links":{"self":[{"href":"https:\/\/lamothebergeron.fr\/en\/wp-json\/wp\/v2\/pages\/3147","targetHints":{"allow":["GET"]}}],"collection":[{"href":"https:\/\/lamothebergeron.fr\/en\/wp-json\/wp\/v2\/pages"}],"about":[{"href":"https:\/\/lamothebergeron.fr\/en\/wp-json\/wp\/v2\/types\/page"}],"author":[{"embeddable":true,"href":"https:\/\/lamothebergeron.fr\/en\/wp-json\/wp\/v2\/users\/1"}],"replies":[{"embeddable":true,"href":"https:\/\/lamothebergeron.fr\/en\/wp-json\/wp\/v2\/comments?post=3147"}],"version-history":[{"count":4,"href":"https:\/\/lamothebergeron.fr\/en\/wp-json\/wp\/v2\/pages\/3147\/revisions"}],"predecessor-version":[{"id":3151,"href":"https:\/\/lamothebergeron.fr\/en\/wp-json\/wp\/v2\/pages\/3147\/revisions\/3151"}],"wp:attachment":[{"href":"https:\/\/lamothebergeron.fr\/en\/wp-json\/wp\/v2\/media?parent=3147"}],"curies":[{"name":"wp","href":"https:\/\/api.w.org\/{rel}","templated":true}]}}