{"id":4728,"date":"2026-02-18T16:41:36","date_gmt":"2026-02-18T15:41:36","guid":{"rendered":"https:\/\/lamothebergeron.fr\/?post_type=product&#038;p=4728"},"modified":"2026-03-12T17:25:08","modified_gmt":"2026-03-12T16:25:08","slug":"chateau-lamothe-bergeron-2022-copie","status":"publish","type":"product","link":"https:\/\/lamothebergeron.fr\/en\/produit\/chateau-lamothe-bergeron-2023\/","title":{"rendered":"Ch\u00e2teau Lamothe-Bergeron 2023"},"content":{"rendered":"<p>Ch\u00e2teau Lamothe-Bergeron 2023 is an intense crimson red with a lovely sparkle, opening with subtle notes of tart red fruit, raspberry and cherry. The second nose, deeper and more delicate, reveals notes of blackberry and bilberry. On the palate, the attack is dynamic with good tension, followed by a full-bodied mid-palate with remarkable structure. The finish is silky with generous tannins, and its length reflects the ageing potential of this 2023 vintage.<\/p>\n","protected":false},"excerpt":{"rendered":"<p>Ch\u00e2teau Lamothe-Bergeron 2023 is an intense crimson red with a lovely sparkle, opening with subtle notes of tart red fruit, raspberry and cherry. The second nose, deeper and more delicate, reveals notes of blackberry and bilberry. On the palate, the attack is dynamic with good tension, followed by a full-bodied mid-palate with remarkable structure. The [&hellip;]<\/p>\n","protected":false},"featured_media":4730,"comment_status":"closed","ping_status":"closed","template":"","meta":{"_acf_changed":false,"inline_featured_image":false},"product_brand":[43],"product_cat":[56],"product_tag":[],"class_list":{"0":"post-4728","1":"product","2":"type-product","3":"status-publish","4":"has-post-thumbnail","6":"product_brand-chateau-lamothe-bergeron","7":"product_cat-cru-bourgeois-superieur","9":"first","10":"instock","11":"taxable","12":"shipping-taxable","13":"purchasable","14":"product-type-simple"},"acf":[],"yoast_head":"<!-- This site is optimized with the Yoast SEO plugin v27.3 - https:\/\/yoast.com\/product\/yoast-seo-wordpress\/ -->\n<title>Ch\u00e2teau Lamothe-Bergeron 2023 - Ch\u00e2teau Lamothe Bergeron<\/title>\n<meta name=\"robots\" content=\"index, follow, max-snippet:-1, max-image-preview:large, max-video-preview:-1\" \/>\n<link rel=\"canonical\" href=\"https:\/\/lamothebergeron.fr\/en\/produit\/chateau-lamothe-bergeron-2023\/\" \/>\n<meta property=\"og:locale\" content=\"en_US\" \/>\n<meta property=\"og:type\" content=\"article\" \/>\n<meta property=\"og:title\" content=\"Ch\u00e2teau Lamothe-Bergeron 2023 - Ch\u00e2teau Lamothe Bergeron\" \/>\n<meta property=\"og:description\" content=\"Ch\u00e2teau Lamothe-Bergeron 2023 is an intense crimson red with a lovely sparkle, opening with subtle notes of tart red fruit, raspberry and cherry. The second nose, deeper and more delicate, reveals notes of blackberry and bilberry. On the palate, the attack is dynamic with good tension, followed by a full-bodied mid-palate with remarkable structure. The [&hellip;]\" \/>\n<meta property=\"og:url\" content=\"https:\/\/lamothebergeron.fr\/en\/produit\/chateau-lamothe-bergeron-2023\/\" \/>\n<meta property=\"og:site_name\" content=\"Ch\u00e2teau Lamothe Bergeron\" \/>\n<meta property=\"article:publisher\" content=\"https:\/\/fr-fr.facebook.com\/chateau.lamothebergeron\" \/>\n<meta property=\"article:modified_time\" content=\"2026-03-12T16:25:08+00:00\" \/>\n<meta property=\"og:image\" content=\"https:\/\/lamothebergeron.fr\/wp-content\/uploads\/CHT-LAMOTHE-BERGERON-2023-CRUBSUP_O.png\" \/>\n\t<meta property=\"og:image:width\" content=\"1080\" \/>\n\t<meta property=\"og:image:height\" content=\"1920\" \/>\n\t<meta property=\"og:image:type\" content=\"image\/png\" \/>\n<meta name=\"twitter:card\" content=\"summary_large_image\" \/>\n<meta name=\"twitter:label1\" content=\"Est. reading time\" \/>\n\t<meta name=\"twitter:data1\" content=\"1 minute\" \/>\n<script type=\"application\/ld+json\" class=\"yoast-schema-graph\">{\"@context\":\"https:\\\/\\\/schema.org\",\"@graph\":[{\"@type\":\"WebPage\",\"@id\":\"https:\\\/\\\/lamothebergeron.fr\\\/en\\\/produit\\\/chateau-lamothe-bergeron-2023\\\/\",\"url\":\"https:\\\/\\\/lamothebergeron.fr\\\/en\\\/produit\\\/chateau-lamothe-bergeron-2023\\\/\",\"name\":\"Ch\u00e2teau Lamothe-Bergeron 2023 - Ch\u00e2teau Lamothe Bergeron\",\"isPartOf\":{\"@id\":\"https:\\\/\\\/lamothebergeron.fr\\\/en\\\/#website\"},\"primaryImageOfPage\":{\"@id\":\"https:\\\/\\\/lamothebergeron.fr\\\/en\\\/produit\\\/chateau-lamothe-bergeron-2023\\\/#primaryimage\"},\"image\":{\"@id\":\"https:\\\/\\\/lamothebergeron.fr\\\/en\\\/produit\\\/chateau-lamothe-bergeron-2023\\\/#primaryimage\"},\"thumbnailUrl\":\"https:\\\/\\\/lamothebergeron.fr\\\/wp-content\\\/uploads\\\/CHT-LAMOTHE-BERGERON-2023-CRUBSUP_O.png\",\"datePublished\":\"2026-02-18T15:41:36+00:00\",\"dateModified\":\"2026-03-12T16:25:08+00:00\",\"breadcrumb\":{\"@id\":\"https:\\\/\\\/lamothebergeron.fr\\\/en\\\/produit\\\/chateau-lamothe-bergeron-2023\\\/#breadcrumb\"},\"inLanguage\":\"en-US\",\"potentialAction\":[{\"@type\":\"ReadAction\",\"target\":[\"https:\\\/\\\/lamothebergeron.fr\\\/en\\\/produit\\\/chateau-lamothe-bergeron-2023\\\/\"]}]},{\"@type\":\"ImageObject\",\"inLanguage\":\"en-US\",\"@id\":\"https:\\\/\\\/lamothebergeron.fr\\\/en\\\/produit\\\/chateau-lamothe-bergeron-2023\\\/#primaryimage\",\"url\":\"https:\\\/\\\/lamothebergeron.fr\\\/wp-content\\\/uploads\\\/CHT-LAMOTHE-BERGERON-2023-CRUBSUP_O.png\",\"contentUrl\":\"https:\\\/\\\/lamothebergeron.fr\\\/wp-content\\\/uploads\\\/CHT-LAMOTHE-BERGERON-2023-CRUBSUP_O.png\",\"width\":1080,\"height\":1920},{\"@type\":\"BreadcrumbList\",\"@id\":\"https:\\\/\\\/lamothebergeron.fr\\\/en\\\/produit\\\/chateau-lamothe-bergeron-2023\\\/#breadcrumb\",\"itemListElement\":[{\"@type\":\"ListItem\",\"position\":1,\"name\":\"Accueil\",\"item\":\"https:\\\/\\\/lamothebergeron.fr\\\/en\\\/\"},{\"@type\":\"ListItem\",\"position\":2,\"name\":\"Our wines\",\"item\":\"https:\\\/\\\/lamothebergeron.fr\\\/en\\\/our-wines\\\/\"},{\"@type\":\"ListItem\",\"position\":3,\"name\":\"Ch\u00e2teau Lamothe-Bergeron 2023\"}]},{\"@type\":\"WebSite\",\"@id\":\"https:\\\/\\\/lamothebergeron.fr\\\/en\\\/#website\",\"url\":\"https:\\\/\\\/lamothebergeron.fr\\\/en\\\/\",\"name\":\"Ch\u00e2teau Lamothe Bergeron\",\"description\":\"Cru Bourgeois sup\u00e9rieur\",\"publisher\":{\"@id\":\"https:\\\/\\\/lamothebergeron.fr\\\/en\\\/#organization\"},\"alternateName\":\"Ch\u00e2teau Lamothe Bergeron\",\"potentialAction\":[{\"@type\":\"SearchAction\",\"target\":{\"@type\":\"EntryPoint\",\"urlTemplate\":\"https:\\\/\\\/lamothebergeron.fr\\\/en\\\/?s={search_term_string}\"},\"query-input\":{\"@type\":\"PropertyValueSpecification\",\"valueRequired\":true,\"valueName\":\"search_term_string\"}}],\"inLanguage\":\"en-US\"},{\"@type\":\"Organization\",\"@id\":\"https:\\\/\\\/lamothebergeron.fr\\\/en\\\/#organization\",\"name\":\"Ch\u00e2teau Lamothe Bergeron\",\"alternateName\":\"Ch\u00e2teau Lamothe Bergeron\",\"url\":\"https:\\\/\\\/lamothebergeron.fr\\\/en\\\/\",\"logo\":{\"@type\":\"ImageObject\",\"inLanguage\":\"en-US\",\"@id\":\"https:\\\/\\\/lamothebergeron.fr\\\/en\\\/#\\\/schema\\\/logo\\\/image\\\/\",\"url\":\"https:\\\/\\\/lamothebergeron.fr\\\/wp-content\\\/uploads\\\/ico_lb_rose.svg\",\"contentUrl\":\"https:\\\/\\\/lamothebergeron.fr\\\/wp-content\\\/uploads\\\/ico_lb_rose.svg\",\"width\":82,\"height\":82,\"caption\":\"Ch\u00e2teau Lamothe Bergeron\"},\"image\":{\"@id\":\"https:\\\/\\\/lamothebergeron.fr\\\/en\\\/#\\\/schema\\\/logo\\\/image\\\/\"},\"sameAs\":[\"https:\\\/\\\/fr-fr.facebook.com\\\/chateau.lamothebergeron\",\"https:\\\/\\\/www.youtube.com\\\/channel\\\/UC0dnZJl4ndasYOqoddnVrYg\",\"https:\\\/\\\/www.linkedin.com\\\/company\\\/ch\u00e2teau-lamothe-bergeron\\\/\",\"https:\\\/\\\/www.instagram.com\\\/lamothebergeron\\\/\",\"http:\\\/\\\/www.tripadvisor.fr\\\/Attraction_Review-g1938995-d8296899-Reviews-Chateau_Lamothe_Bergeron-Cussac_Fort_Medoc_Gironde_Aquitaine.html\"]}]}<\/script>\n<!-- \/ Yoast SEO plugin. -->","yoast_head_json":{"title":"Ch\u00e2teau Lamothe-Bergeron 2023 - Ch\u00e2teau Lamothe Bergeron","robots":{"index":"index","follow":"follow","max-snippet":"max-snippet:-1","max-image-preview":"max-image-preview:large","max-video-preview":"max-video-preview:-1"},"canonical":"https:\/\/lamothebergeron.fr\/en\/produit\/chateau-lamothe-bergeron-2023\/","og_locale":"en_US","og_type":"article","og_title":"Ch\u00e2teau Lamothe-Bergeron 2023 - Ch\u00e2teau Lamothe Bergeron","og_description":"Ch\u00e2teau Lamothe-Bergeron 2023 is an intense crimson red with a lovely sparkle, opening with subtle notes of tart red fruit, raspberry and cherry. The second nose, deeper and more delicate, reveals notes of blackberry and bilberry. On the palate, the attack is dynamic with good tension, followed by a full-bodied mid-palate with remarkable structure. The [&hellip;]","og_url":"https:\/\/lamothebergeron.fr\/en\/produit\/chateau-lamothe-bergeron-2023\/","og_site_name":"Ch\u00e2teau Lamothe Bergeron","article_publisher":"https:\/\/fr-fr.facebook.com\/chateau.lamothebergeron","article_modified_time":"2026-03-12T16:25:08+00:00","og_image":[{"width":1080,"height":1920,"url":"https:\/\/lamothebergeron.fr\/wp-content\/uploads\/CHT-LAMOTHE-BERGERON-2023-CRUBSUP_O.png","type":"image\/png"}],"twitter_card":"summary_large_image","twitter_misc":{"Est. reading time":"1 minute"},"schema":{"@context":"https:\/\/schema.org","@graph":[{"@type":"WebPage","@id":"https:\/\/lamothebergeron.fr\/en\/produit\/chateau-lamothe-bergeron-2023\/","url":"https:\/\/lamothebergeron.fr\/en\/produit\/chateau-lamothe-bergeron-2023\/","name":"Ch\u00e2teau Lamothe-Bergeron 2023 - Ch\u00e2teau Lamothe Bergeron","isPartOf":{"@id":"https:\/\/lamothebergeron.fr\/en\/#website"},"primaryImageOfPage":{"@id":"https:\/\/lamothebergeron.fr\/en\/produit\/chateau-lamothe-bergeron-2023\/#primaryimage"},"image":{"@id":"https:\/\/lamothebergeron.fr\/en\/produit\/chateau-lamothe-bergeron-2023\/#primaryimage"},"thumbnailUrl":"https:\/\/lamothebergeron.fr\/wp-content\/uploads\/CHT-LAMOTHE-BERGERON-2023-CRUBSUP_O.png","datePublished":"2026-02-18T15:41:36+00:00","dateModified":"2026-03-12T16:25:08+00:00","breadcrumb":{"@id":"https:\/\/lamothebergeron.fr\/en\/produit\/chateau-lamothe-bergeron-2023\/#breadcrumb"},"inLanguage":"en-US","potentialAction":[{"@type":"ReadAction","target":["https:\/\/lamothebergeron.fr\/en\/produit\/chateau-lamothe-bergeron-2023\/"]}]},{"@type":"ImageObject","inLanguage":"en-US","@id":"https:\/\/lamothebergeron.fr\/en\/produit\/chateau-lamothe-bergeron-2023\/#primaryimage","url":"https:\/\/lamothebergeron.fr\/wp-content\/uploads\/CHT-LAMOTHE-BERGERON-2023-CRUBSUP_O.png","contentUrl":"https:\/\/lamothebergeron.fr\/wp-content\/uploads\/CHT-LAMOTHE-BERGERON-2023-CRUBSUP_O.png","width":1080,"height":1920},{"@type":"BreadcrumbList","@id":"https:\/\/lamothebergeron.fr\/en\/produit\/chateau-lamothe-bergeron-2023\/#breadcrumb","itemListElement":[{"@type":"ListItem","position":1,"name":"Accueil","item":"https:\/\/lamothebergeron.fr\/en\/"},{"@type":"ListItem","position":2,"name":"Our wines","item":"https:\/\/lamothebergeron.fr\/en\/our-wines\/"},{"@type":"ListItem","position":3,"name":"Ch\u00e2teau Lamothe-Bergeron 2023"}]},{"@type":"WebSite","@id":"https:\/\/lamothebergeron.fr\/en\/#website","url":"https:\/\/lamothebergeron.fr\/en\/","name":"Ch\u00e2teau Lamothe Bergeron","description":"Cru Bourgeois sup\u00e9rieur","publisher":{"@id":"https:\/\/lamothebergeron.fr\/en\/#organization"},"alternateName":"Ch\u00e2teau Lamothe Bergeron","potentialAction":[{"@type":"SearchAction","target":{"@type":"EntryPoint","urlTemplate":"https:\/\/lamothebergeron.fr\/en\/?s={search_term_string}"},"query-input":{"@type":"PropertyValueSpecification","valueRequired":true,"valueName":"search_term_string"}}],"inLanguage":"en-US"},{"@type":"Organization","@id":"https:\/\/lamothebergeron.fr\/en\/#organization","name":"Ch\u00e2teau Lamothe Bergeron","alternateName":"Ch\u00e2teau Lamothe Bergeron","url":"https:\/\/lamothebergeron.fr\/en\/","logo":{"@type":"ImageObject","inLanguage":"en-US","@id":"https:\/\/lamothebergeron.fr\/en\/#\/schema\/logo\/image\/","url":"https:\/\/lamothebergeron.fr\/wp-content\/uploads\/ico_lb_rose.svg","contentUrl":"https:\/\/lamothebergeron.fr\/wp-content\/uploads\/ico_lb_rose.svg","width":82,"height":82,"caption":"Ch\u00e2teau Lamothe Bergeron"},"image":{"@id":"https:\/\/lamothebergeron.fr\/en\/#\/schema\/logo\/image\/"},"sameAs":["https:\/\/fr-fr.facebook.com\/chateau.lamothebergeron","https:\/\/www.youtube.com\/channel\/UC0dnZJl4ndasYOqoddnVrYg","https:\/\/www.linkedin.com\/company\/ch\u00e2teau-lamothe-bergeron\/","https:\/\/www.instagram.com\/lamothebergeron\/","http:\/\/www.tripadvisor.fr\/Attraction_Review-g1938995-d8296899-Reviews-Chateau_Lamothe_Bergeron-Cussac_Fort_Medoc_Gironde_Aquitaine.html"]}]}},"_links":{"self":[{"href":"https:\/\/lamothebergeron.fr\/en\/wp-json\/wp\/v2\/product\/4728","targetHints":{"allow":["GET"]}}],"collection":[{"href":"https:\/\/lamothebergeron.fr\/en\/wp-json\/wp\/v2\/product"}],"about":[{"href":"https:\/\/lamothebergeron.fr\/en\/wp-json\/wp\/v2\/types\/product"}],"replies":[{"embeddable":true,"href":"https:\/\/lamothebergeron.fr\/en\/wp-json\/wp\/v2\/comments?post=4728"}],"wp:featuredmedia":[{"embeddable":true,"href":"https:\/\/lamothebergeron.fr\/en\/wp-json\/wp\/v2\/media\/4730"}],"wp:attachment":[{"href":"https:\/\/lamothebergeron.fr\/en\/wp-json\/wp\/v2\/media?parent=4728"}],"wp:term":[{"taxonomy":"product_brand","embeddable":true,"href":"https:\/\/lamothebergeron.fr\/en\/wp-json\/wp\/v2\/product_brand?post=4728"},{"taxonomy":"product_cat","embeddable":true,"href":"https:\/\/lamothebergeron.fr\/en\/wp-json\/wp\/v2\/product_cat?post=4728"},{"taxonomy":"product_tag","embeddable":true,"href":"https:\/\/lamothebergeron.fr\/en\/wp-json\/wp\/v2\/product_tag?post=4728"}],"curies":[{"name":"wp","href":"https:\/\/api.w.org\/{rel}","templated":true}]}}